{"id":4401,"date":"2025-03-13T17:45:00","date_gmt":"2025-03-13T17:45:00","guid":{"rendered":"https:\/\/w-e-b.be\/shareholding\/"},"modified":"2025-09-29T15:31:20","modified_gmt":"2025-09-29T13:31:20","slug":"actionnariat","status":"publish","type":"page","link":"https:\/\/w-e-b.be\/en\/investors\/actionnariat\/","title":{"rendered":"Shareholding"},"content":{"rendered":"\n<p>The subscribed share capital is set at \u20ac11,062,885.50.  It is represented by 3,502,882 shares with no par value, all fully paid up and conferring the same rights and advantages.<\/p>\n\n\n\n<p>Mr Robert Jean WAGNER (founder and sole director of Stichting Administratiekantoor Valaur) controls Stiching Administratiekantoor Valaur, which controls W.E.B. Property Services SA, Soci\u00e9t\u00e9 Patrimoniale \u00e0 Portefeuille SA and WEB SA.<\/p>\n\n\n\n<p>Mr Robert Jean WAGNER, Ms Claire FONTAINE, Ms Val\u00e9rie WAGNER, Mr Robert Laurent WAGNER, SA Soci\u00e9t\u00e9 Patrimoniale \u00e0 Portefeuille, SA WE.B. Property Services, SA VLIM and Stichting Administratiekantoor Valaur are the subject of a concert on WEB SA.<\/p>\n\n\n\n<p>VLIM SA is not subject to any exclusive or joint control.<\/p>\n","protected":false},"excerpt":{"rendered":"<p>The subscribed share capital is set at \u20ac11,062,885.50. It is represented by 3,502,882 shares with no par value, all fully paid up and conferring the same rights and advantages. Mr Robert Jean WAGNER (founder and sole director of Stichting Administratiekantoor Valaur) controls Stiching Administratiekantoor Valaur, which controls W.E.B. Property Services SA, Soci\u00e9t\u00e9 Patrimoniale \u00e0 Portefeuille [&hellip;]<\/p>\n","protected":false},"author":7,"featured_media":0,"parent":5219,"menu_order":2,"comment_status":"closed","ping_status":"closed","template":"","meta":{"_acf_changed":false,"footnotes":""},"class_list":["post-4401","page","type-page","status-publish","hentry"],"acf":[],"_links":{"self":[{"href":"https:\/\/w-e-b.be\/en\/wp-json\/wp\/v2\/pages\/4401","targetHints":{"allow":["GET"]}}],"collection":[{"href":"https:\/\/w-e-b.be\/en\/wp-json\/wp\/v2\/pages"}],"about":[{"href":"https:\/\/w-e-b.be\/en\/wp-json\/wp\/v2\/types\/page"}],"author":[{"embeddable":true,"href":"https:\/\/w-e-b.be\/en\/wp-json\/wp\/v2\/users\/7"}],"replies":[{"embeddable":true,"href":"https:\/\/w-e-b.be\/en\/wp-json\/wp\/v2\/comments?post=4401"}],"version-history":[{"count":0,"href":"https:\/\/w-e-b.be\/en\/wp-json\/wp\/v2\/pages\/4401\/revisions"}],"up":[{"embeddable":true,"href":"https:\/\/w-e-b.be\/en\/wp-json\/wp\/v2\/pages\/5219"}],"wp:attachment":[{"href":"https:\/\/w-e-b.be\/en\/wp-json\/wp\/v2\/media?parent=4401"}],"curies":[{"name":"wp","href":"https:\/\/api.w.org\/{rel}","templated":true}]}}