{"id":4396,"date":"2022-08-02T09:02:39","date_gmt":"2022-08-02T07:02:39","guid":{"rendered":"https:\/\/w-e-b.be\/who-we-are\/sir\/"},"modified":"2024-01-17T17:08:08","modified_gmt":"2024-01-17T15:08:08","slug":"sir","status":"publish","type":"page","link":"https:\/\/w-e-b.be\/en\/who-we-are\/sir\/","title":{"rendered":"SIR"},"content":{"rendered":"\n<p><strong>WEB SA<\/strong>&nbsp;is a Public Regulated Property Company incorporated under Belgian law (\u201cSoci\u00e9t\u00e9 Immobili\u00e8re R\u00e9glement\u00e9e Publique \u2013 SIRP\u201d), and is subject to the legal requirements in this area, in particular the Law of 22 October 2017 amending the Law of 12 May 2014, and the Royal Decree of 23 April 2018 amending the Royal Decree of 13 July 2014 relating thereto.<\/p>\n\n\n\n<p><\/p>\n","protected":false},"excerpt":{"rendered":"<p>WEB SA&nbsp;is a Public Regulated Property Company incorporated under Belgian law (\u201cSoci\u00e9t\u00e9 Immobili\u00e8re R\u00e9glement\u00e9e Publique \u2013 SIRP\u201d), and is subject to the legal requirements in this area, in particular the Law of 22 October 2017 amending the Law of 12 May 2014, and the Royal Decree of 23 April 2018 amending the Royal Decree of [&hellip;]<\/p>\n","protected":false},"author":7,"featured_media":0,"parent":4339,"menu_order":2,"comment_status":"closed","ping_status":"closed","template":"","meta":{"_acf_changed":false,"footnotes":""},"class_list":["post-4396","page","type-page","status-publish","hentry"],"acf":[],"_links":{"self":[{"href":"https:\/\/w-e-b.be\/en\/wp-json\/wp\/v2\/pages\/4396","targetHints":{"allow":["GET"]}}],"collection":[{"href":"https:\/\/w-e-b.be\/en\/wp-json\/wp\/v2\/pages"}],"about":[{"href":"https:\/\/w-e-b.be\/en\/wp-json\/wp\/v2\/types\/page"}],"author":[{"embeddable":true,"href":"https:\/\/w-e-b.be\/en\/wp-json\/wp\/v2\/users\/7"}],"replies":[{"embeddable":true,"href":"https:\/\/w-e-b.be\/en\/wp-json\/wp\/v2\/comments?post=4396"}],"version-history":[{"count":0,"href":"https:\/\/w-e-b.be\/en\/wp-json\/wp\/v2\/pages\/4396\/revisions"}],"up":[{"embeddable":true,"href":"https:\/\/w-e-b.be\/en\/wp-json\/wp\/v2\/pages\/4339"}],"wp:attachment":[{"href":"https:\/\/w-e-b.be\/en\/wp-json\/wp\/v2\/media?parent=4396"}],"curies":[{"name":"wp","href":"https:\/\/api.w.org\/{rel}","templated":true}]}}